{"id":205,"date":"2023-07-26T13:54:43","date_gmt":"2023-07-26T13:54:43","guid":{"rendered":"https:\/\/www.centrolasersrl.com\/DE\/?page_id=205"},"modified":"2023-10-23T14:47:39","modified_gmt":"2023-10-23T14:47:39","slug":"feinbohren-mittels-laserstrahl","status":"publish","type":"page","link":"https:\/\/www.centrolasersrl.com\/DE\/feinbohren-mittels-laserstrahl\/","title":{"rendered":"Feinbohren mittels Laserstrahl"},"content":{"rendered":"<p>[et_pb_section fb_built=&#8221;1&#8243; _builder_version=&#8221;4.21.0&#8243; _module_preset=&#8221;default&#8221; background_image=&#8221;https:\/\/www.centrolasersrl.com\/DE\/wp-content\/uploads\/2023\/10\/bg-microlavorazione.jpg&#8221; background_enable_pattern_style=&#8221;on&#8221; background_pattern_style=&#8221;diagonal-stripes-2&#8243; background_pattern_transform=&#8221;invert&#8221; background_pattern_vertical_offset=&#8221;41%&#8221; custom_padding=&#8221;100px||100px||false|false&#8221; background_last_edited=&#8221;on|phone&#8221; background_size_phone=&#8221;cover&#8221; background_position_phone=&#8221;center_right&#8221; background_horizontal_offset_phone=&#8221;34%&#8221; locked=&#8221;off&#8221; global_colors_info=&#8221;{}&#8221;][\/et_pb_section][et_pb_section fb_built=&#8221;1&#8243; specialty=&#8221;on&#8221; background_color_1=&#8221;RGBA(255,255,255,0)&#8221; background_color_2=&#8221;RGBA(255,255,255,0)&#8221; _builder_version=&#8221;4.21.0&#8243; _module_preset=&#8221;default&#8221; custom_padding=&#8221;||0px|||&#8221; global_colors_info=&#8221;{}&#8221;][et_pb_column type=&#8221;1_3&#8243; _builder_version=&#8221;4.16&#8243; custom_padding=&#8221;|||&#8221; global_colors_info=&#8221;{}&#8221; custom_padding__hover=&#8221;|||&#8221;][et_pb_text _builder_version=&#8221;4.22.2&#8243; _dynamic_attributes=&#8221;link_option_url&#8221; _module_preset=&#8221;default&#8221; text_font=&#8221;Abel||||||||&#8221; text_text_color=&#8221;#666666&#8243; text_font_size=&#8221;18px&#8221; custom_margin=&#8221;||0px||false|false&#8221; custom_padding=&#8221;10px||10px|10px|false|false&#8221; link_option_url=&#8221;@ET-DC@eyJkeW5hbWljIjp0cnVlLCJjb250ZW50IjoicG9zdF9saW5rX3VybF9wYWdlIiwic2V0dGluZ3MiOnsicG9zdF9pZCI6IjIyIn19@&#8221; border_color_right=&#8221;#c9c9c9&#8243; border_width_bottom=&#8221;1px&#8221; border_color_bottom=&#8221;#c9c9c9&#8243; global_colors_info=&#8221;{}&#8221; background_color__hover=&#8221;#0082c9&#8243; background_enable_color__hover=&#8221;on&#8221; text_text_color__hover_enabled=&#8221;on|hover&#8221; text_text_color__hover=&#8221;#FFFFFF&#8221; background__hover_enabled=&#8221;on|hover&#8221;]<\/p>\n<p>Feinschneiden mit Nd:YAG-Laser<\/p>\n<p>[\/et_pb_text][et_pb_text _builder_version=&#8221;4.22.2&#8243; _dynamic_attributes=&#8221;link_option_url&#8221; _module_preset=&#8221;default&#8221; text_font=&#8221;Abel||||||||&#8221; text_text_color=&#8221;#666666&#8243; text_font_size=&#8221;18px&#8221; custom_margin=&#8221;||0px||false|false&#8221; custom_padding=&#8221;10px||10px|10px|false|false&#8221; link_option_url=&#8221;@ET-DC@eyJkeW5hbWljIjp0cnVlLCJjb250ZW50IjoicG9zdF9saW5rX3VybF9wYWdlIiwic2V0dGluZ3MiOnsicG9zdF9pZCI6IjE5OCJ9fQ==@&#8221; border_color_right=&#8221;#c9c9c9&#8243; border_width_bottom=&#8221;1px&#8221; border_color_bottom=&#8221;#c9c9c9&#8243; global_colors_info=&#8221;{}&#8221; background_color__hover=&#8221;#0082c9&#8243; background_enable_color__hover=&#8221;on&#8221; text_text_color__hover_enabled=&#8221;on|hover&#8221; text_text_color__hover=&#8221;#FFFFFF&#8221; background__hover_enabled=&#8221;on|hover&#8221;]<\/p>\n<p>Feinbohren mittels Laserstrahl<\/p>\n<p>[\/et_pb_text][et_pb_text _builder_version=&#8221;4.22.2&#8243; _module_preset=&#8221;default&#8221; text_font=&#8221;Abel||||||||&#8221; text_text_color=&#8221;#FFFFFF&#8221; text_font_size=&#8221;18px&#8221; background_color=&#8221;#024976&#8243; custom_margin=&#8221;||0px||false|false&#8221; custom_padding=&#8221;10px||10px|10px|false|false&#8221; border_color_right=&#8221;#c9c9c9&#8243; border_width_bottom=&#8221;1px&#8221; border_color_bottom=&#8221;#c9c9c9&#8243; global_colors_info=&#8221;{}&#8221; background_color__hover=&#8221;#0082c9&#8243; background_enable_color__hover=&#8221;on&#8221; text_text_color__hover_enabled=&#8221;on|hover&#8221; text_text_color__hover=&#8221;#FFFFFF&#8221; background__hover_enabled=&#8221;off|desktop&#8221;]<\/p>\n<p>Feinbohren mittels Laserstrahl<\/p>\n<p>[\/et_pb_text][\/et_pb_column][et_pb_column type=&#8221;2_3&#8243; specialty_columns=&#8221;2&#8243; _builder_version=&#8221;4.16&#8243; custom_padding=&#8221;|||&#8221; global_colors_info=&#8221;{}&#8221; custom_padding__hover=&#8221;|||&#8221;][et_pb_row_inner _builder_version=&#8221;4.21.0&#8243; _module_preset=&#8221;default&#8221; global_colors_info=&#8221;{}&#8221;][et_pb_column_inner saved_specialty_column_type=&#8221;2_3&#8243; _builder_version=&#8221;4.21.0&#8243; _module_preset=&#8221;default&#8221; global_colors_info=&#8221;{}&#8221;][et_pb_text _builder_version=&#8221;4.22.2&#8243; _module_preset=&#8221;default&#8221; text_font=&#8221;Abel|700|||||||&#8221; text_text_color=&#8221;#666666&#8243; text_font_size=&#8221;18px&#8221; locked=&#8221;off&#8221; global_colors_info=&#8221;{}&#8221;]<\/p>\n<p>FEINBEARBEITUNG MIT LASER<\/p>\n<p>[\/et_pb_text][et_pb_text _builder_version=&#8221;4.22.2&#8243; _module_preset=&#8221;default&#8221; text_font=&#8221;Abel|300|||||||&#8221; text_text_color=&#8221;#0082C9&#8243; text_font_size=&#8221;40px&#8221; text_line_height=&#8221;40px&#8221; custom_margin=&#8221;||15px||false|false&#8221; custom_margin_tablet=&#8221;||15px||false|false&#8221; custom_margin_phone=&#8221;||15px||false|false&#8221; custom_margin_last_edited=&#8221;on|phone&#8221; text_font_size_tablet=&#8221;32px&#8221; text_font_size_phone=&#8221;32px&#8221; text_font_size_last_edited=&#8221;on|desktop&#8221; text_line_height_tablet=&#8221;36px&#8221; text_line_height_phone=&#8221;36px&#8221; text_line_height_last_edited=&#8221;on|desktop&#8221; global_colors_info=&#8221;{}&#8221;]<\/p>\n<p>Feinbohren mittels Laserstrahl<\/p>\n<p>[\/et_pb_text][et_pb_text _builder_version=&#8221;4.22.2&#8243; _module_preset=&#8221;default&#8221; text_font=&#8221;Abel|300|||||||&#8221; text_text_color=&#8221;#666666&#8243; text_font_size=&#8221;26px&#8221; text_line_height=&#8221;32px&#8221; text_font_size_tablet=&#8221;24px&#8221; text_font_size_phone=&#8221;22px&#8221; text_font_size_last_edited=&#8221;on|phone&#8221; text_line_height_tablet=&#8221;28px&#8221; text_line_height_phone=&#8221;26px&#8221; text_line_height_last_edited=&#8221;on|desktop&#8221; global_colors_info=&#8221;{}&#8221;]<\/p>\n<p>Minimaler Bohrdurchmesser 20 \u03bcm, Schachtverh\u00e4ltnis bis 1:20<\/p>\n<p>[\/et_pb_text][et_pb_divider _builder_version=&#8221;4.21.0&#8243; _module_preset=&#8221;default&#8221; custom_margin=&#8221;||5px|||&#8221; locked=&#8221;off&#8221; global_colors_info=&#8221;{}&#8221;][\/et_pb_divider][et_pb_text _builder_version=&#8221;4.22.2&#8243; _module_preset=&#8221;default&#8221; text_font=&#8221;Roboto|300|||||||&#8221; text_text_color=&#8221;#666666&#8243; text_font_size=&#8221;16px&#8221; text_line_height=&#8221;20px&#8221; text_font_size_tablet=&#8221;16px&#8221; text_font_size_phone=&#8221;16px&#8221; text_font_size_last_edited=&#8221;on|phone&#8221; text_line_height_tablet=&#8221;20px&#8221; text_line_height_phone=&#8221;20px&#8221; text_line_height_last_edited=&#8221;on|desktop&#8221; global_colors_info=&#8221;{}&#8221;]<\/p>\n<div class=\"et_pb_module et_pb_text et_pb_text_6  et_pb_text_align_left et_pb_bg_layout_light\">\n<div class=\"et_pb_text_inner\">\n<p><strong>VERARBEITBARES MATERIAL<\/strong><br \/>St\u00e4hle, Tungsten, Titan, Molibd\u00e4n, Inconel, keramische Werkstoffe wie Aluminiumoxid, Wolfram, u.a.<\/p>\n<p><strong>APPLIKATIONEN, Z.B.<\/strong><\/p>\n<ul>\n<li>Ventile mit Durchmesser &lt; 1,0mm zur Kontrolle und Dosierung von Fl\u00fcssigkeiten, Gas, etc.;<\/li>\n<li>Chirurgische Nadeln;<\/li>\n<li>Schmierbohrungen im Maschinenbau;<\/li>\n<li>Filtertechnologie<\/li>\n<\/ul>\n<\/div>\n<\/div>\n<p>[\/et_pb_text][\/et_pb_column_inner][\/et_pb_row_inner][\/et_pb_column][\/et_pb_section][et_pb_section fb_built=&#8221;1&#8243; _builder_version=&#8221;4.21.0&#8243; _module_preset=&#8221;default&#8221; custom_padding=&#8221;0px||0px|||&#8221; locked=&#8221;off&#8221; global_colors_info=&#8221;{}&#8221;][et_pb_row column_structure=&#8221;1_3,1_3,1_3&#8243; _builder_version=&#8221;4.22.2&#8243; _module_preset=&#8221;default&#8221; global_colors_info=&#8221;{}&#8221; use_custom_gutter=&#8221;on&#8221; gutter_width=&#8221;1&#8243; width=&#8221;100%&#8221; max_width=&#8221;100%&#8221; custom_padding=&#8221;0px||0px|||&#8221;][et_pb_column type=&#8221;1_3&#8243; _builder_version=&#8221;4.22.2&#8243; _module_preset=&#8221;default&#8221; global_colors_info=&#8221;{}&#8221;][et_pb_image src=&#8221;https:\/\/www.centrolasersrl.com\/DE\/wp-content\/uploads\/2023\/10\/micro-foratura-diametro-foro-02mm.jpg&#8221; _builder_version=&#8221;4.22.2&#8243; _module_preset=&#8221;default&#8221; global_colors_info=&#8221;{}&#8221;][\/et_pb_image][\/et_pb_column][et_pb_column type=&#8221;1_3&#8243; _builder_version=&#8221;4.22.2&#8243; _module_preset=&#8221;default&#8221; global_colors_info=&#8221;{}&#8221;][et_pb_image src=&#8221;https:\/\/www.centrolasersrl.com\/DE\/wp-content\/uploads\/2023\/10\/micro-foratura-diametro-03mm.jpg&#8221; _builder_version=&#8221;4.22.2&#8243; _module_preset=&#8221;default&#8221; global_colors_info=&#8221;{}&#8221;][\/et_pb_image][\/et_pb_column][et_pb_column type=&#8221;1_3&#8243; _builder_version=&#8221;4.22.2&#8243; _module_preset=&#8221;default&#8221; global_colors_info=&#8221;{}&#8221;][et_pb_image src=&#8221;https:\/\/www.centrolasersrl.com\/DE\/wp-content\/uploads\/2023\/10\/micro-foratura-vari-diametri.jpg&#8221; _builder_version=&#8221;4.22.2&#8243; _module_preset=&#8221;default&#8221; global_colors_info=&#8221;{}&#8221;][\/et_pb_image][\/et_pb_column][\/et_pb_row][\/et_pb_section]<\/p>\n","protected":false},"excerpt":{"rendered":"<p>Feinschneiden mit Nd:YAG-LaserFeinbohren mittels LaserstrahlFeinbohren mittels LaserstrahlFEINBEARBEITUNG MIT LASERFeinbohren mittels LaserstrahlMinimaler Bohrdurchmesser 20 \u03bcm, Schachtverh\u00e4ltnis bis 1:20 VERARBEITBARES MATERIALSt\u00e4hle, Tungsten, Titan, Molibd\u00e4n, Inconel, keramische Werkstoffe wie Aluminiumoxid, Wolfram, u.a. APPLIKATIONEN, Z.B. Ventile mit Durchmesser &lt; 1,0mm zur Kontrolle und Dosierung von Fl\u00fcssigkeiten, Gas, etc.; Chirurgische Nadeln; Schmierbohrungen im Maschinenbau; Filtertechnologie<\/p>\n","protected":false},"author":1,"featured_media":0,"parent":0,"menu_order":0,"comment_status":"closed","ping_status":"closed","template":"","meta":{"_et_pb_use_builder":"on","_et_pb_old_content":"","_et_gb_content_width":"","inline_featured_image":false,"footnotes":""},"class_list":["post-205","page","type-page","status-publish","hentry"],"yoast_head":"<!-- This site is optimized with the Yoast SEO plugin v23.3 - https:\/\/yoast.com\/wordpress\/plugins\/seo\/ -->\n<title>Feinbohren mittels Laserstrahl - Centro Laser<\/title>\n<meta name=\"robots\" content=\"index, follow, max-snippet:-1, max-image-preview:large, max-video-preview:-1\" \/>\n<link rel=\"canonical\" href=\"https:\/\/www.centrolasersrl.com\/DE\/feinbohren-mittels-laserstrahl\/\" \/>\n<meta property=\"og:locale\" content=\"it_IT\" \/>\n<meta property=\"og:type\" content=\"article\" \/>\n<meta property=\"og:title\" content=\"Feinbohren mittels Laserstrahl - Centro Laser\" \/>\n<meta property=\"og:url\" content=\"https:\/\/www.centrolasersrl.com\/DE\/feinbohren-mittels-laserstrahl\/\" \/>\n<meta property=\"og:site_name\" content=\"Centro Laser\" \/>\n<meta property=\"article:modified_time\" content=\"2023-10-23T14:47:39+00:00\" \/>\n<meta name=\"twitter:card\" content=\"summary_large_image\" \/>\n<meta name=\"twitter:label1\" content=\"Tempo di lettura stimato\" \/>\n\t<meta name=\"twitter:data1\" content=\"5 minuti\" \/>\n<script type=\"application\/ld+json\" class=\"yoast-schema-graph\">{\"@context\":\"https:\/\/schema.org\",\"@graph\":[{\"@type\":\"WebPage\",\"@id\":\"https:\/\/www.centrolasersrl.com\/DE\/feinbohren-mittels-laserstrahl\/\",\"url\":\"https:\/\/www.centrolasersrl.com\/DE\/feinbohren-mittels-laserstrahl\/\",\"name\":\"Feinbohren mittels Laserstrahl - Centro Laser\",\"isPartOf\":{\"@id\":\"https:\/\/www.centrolasersrl.com\/DE\/#website\"},\"datePublished\":\"2023-07-26T13:54:43+00:00\",\"dateModified\":\"2023-10-23T14:47:39+00:00\",\"breadcrumb\":{\"@id\":\"https:\/\/www.centrolasersrl.com\/DE\/feinbohren-mittels-laserstrahl\/#breadcrumb\"},\"inLanguage\":\"it-IT\",\"potentialAction\":[{\"@type\":\"ReadAction\",\"target\":[\"https:\/\/www.centrolasersrl.com\/DE\/feinbohren-mittels-laserstrahl\/\"]}]},{\"@type\":\"BreadcrumbList\",\"@id\":\"https:\/\/www.centrolasersrl.com\/DE\/feinbohren-mittels-laserstrahl\/#breadcrumb\",\"itemListElement\":[{\"@type\":\"ListItem\",\"position\":1,\"name\":\"Home\",\"item\":\"https:\/\/www.centrolasersrl.com\/DE\/\"},{\"@type\":\"ListItem\",\"position\":2,\"name\":\"Feinbohren mittels Laserstrahl\"}]},{\"@type\":\"WebSite\",\"@id\":\"https:\/\/www.centrolasersrl.com\/DE\/#website\",\"url\":\"https:\/\/www.centrolasersrl.com\/DE\/\",\"name\":\"Centro Laser\",\"description\":\"Microlavorazioni e Marcature\",\"potentialAction\":[{\"@type\":\"SearchAction\",\"target\":{\"@type\":\"EntryPoint\",\"urlTemplate\":\"https:\/\/www.centrolasersrl.com\/DE\/?s={search_term_string}\"},\"query-input\":\"required name=search_term_string\"}],\"inLanguage\":\"it-IT\"}]}<\/script>\n<!-- \/ Yoast SEO plugin. -->","yoast_head_json":{"title":"Feinbohren mittels Laserstrahl - Centro Laser","robots":{"index":"index","follow":"follow","max-snippet":"max-snippet:-1","max-image-preview":"max-image-preview:large","max-video-preview":"max-video-preview:-1"},"canonical":"https:\/\/www.centrolasersrl.com\/DE\/feinbohren-mittels-laserstrahl\/","og_locale":"it_IT","og_type":"article","og_title":"Feinbohren mittels Laserstrahl - Centro Laser","og_url":"https:\/\/www.centrolasersrl.com\/DE\/feinbohren-mittels-laserstrahl\/","og_site_name":"Centro Laser","article_modified_time":"2023-10-23T14:47:39+00:00","twitter_card":"summary_large_image","twitter_misc":{"Tempo di lettura stimato":"5 minuti"},"schema":{"@context":"https:\/\/schema.org","@graph":[{"@type":"WebPage","@id":"https:\/\/www.centrolasersrl.com\/DE\/feinbohren-mittels-laserstrahl\/","url":"https:\/\/www.centrolasersrl.com\/DE\/feinbohren-mittels-laserstrahl\/","name":"Feinbohren mittels Laserstrahl - Centro Laser","isPartOf":{"@id":"https:\/\/www.centrolasersrl.com\/DE\/#website"},"datePublished":"2023-07-26T13:54:43+00:00","dateModified":"2023-10-23T14:47:39+00:00","breadcrumb":{"@id":"https:\/\/www.centrolasersrl.com\/DE\/feinbohren-mittels-laserstrahl\/#breadcrumb"},"inLanguage":"it-IT","potentialAction":[{"@type":"ReadAction","target":["https:\/\/www.centrolasersrl.com\/DE\/feinbohren-mittels-laserstrahl\/"]}]},{"@type":"BreadcrumbList","@id":"https:\/\/www.centrolasersrl.com\/DE\/feinbohren-mittels-laserstrahl\/#breadcrumb","itemListElement":[{"@type":"ListItem","position":1,"name":"Home","item":"https:\/\/www.centrolasersrl.com\/DE\/"},{"@type":"ListItem","position":2,"name":"Feinbohren mittels Laserstrahl"}]},{"@type":"WebSite","@id":"https:\/\/www.centrolasersrl.com\/DE\/#website","url":"https:\/\/www.centrolasersrl.com\/DE\/","name":"Centro Laser","description":"Microlavorazioni e Marcature","potentialAction":[{"@type":"SearchAction","target":{"@type":"EntryPoint","urlTemplate":"https:\/\/www.centrolasersrl.com\/DE\/?s={search_term_string}"},"query-input":"required name=search_term_string"}],"inLanguage":"it-IT"}]}},"_links":{"self":[{"href":"https:\/\/www.centrolasersrl.com\/DE\/wp-json\/wp\/v2\/pages\/205","targetHints":{"allow":["GET"]}}],"collection":[{"href":"https:\/\/www.centrolasersrl.com\/DE\/wp-json\/wp\/v2\/pages"}],"about":[{"href":"https:\/\/www.centrolasersrl.com\/DE\/wp-json\/wp\/v2\/types\/page"}],"author":[{"embeddable":true,"href":"https:\/\/www.centrolasersrl.com\/DE\/wp-json\/wp\/v2\/users\/1"}],"replies":[{"embeddable":true,"href":"https:\/\/www.centrolasersrl.com\/DE\/wp-json\/wp\/v2\/comments?post=205"}],"version-history":[{"count":18,"href":"https:\/\/www.centrolasersrl.com\/DE\/wp-json\/wp\/v2\/pages\/205\/revisions"}],"predecessor-version":[{"id":831,"href":"https:\/\/www.centrolasersrl.com\/DE\/wp-json\/wp\/v2\/pages\/205\/revisions\/831"}],"wp:attachment":[{"href":"https:\/\/www.centrolasersrl.com\/DE\/wp-json\/wp\/v2\/media?parent=205"}],"curies":[{"name":"wp","href":"https:\/\/api.w.org\/{rel}","templated":true}]}}