{"id":25,"date":"2023-05-19T12:40:20","date_gmt":"2023-05-19T12:40:20","guid":{"rendered":"https:\/\/www.centrolasersrl.com\/DE\/?page_id=25"},"modified":"2023-10-19T11:51:26","modified_gmt":"2023-10-19T11:51:26","slug":"unser-service","status":"publish","type":"page","link":"https:\/\/www.centrolasersrl.com\/DE\/unser-service\/","title":{"rendered":"UNSER SERVICE"},"content":{"rendered":"<p>[et_pb_section fb_built=&#8221;1&#8243; _builder_version=&#8221;4.21.0&#8243; _module_preset=&#8221;default&#8221; background_image=&#8221;https:\/\/www.centrolasersrl.com\/DE\/wp-content\/uploads\/2023\/10\/Servizi.jpg&#8221; background_enable_pattern_style=&#8221;on&#8221; background_pattern_style=&#8221;diagonal-stripes-2&#8243; background_pattern_transform=&#8221;invert&#8221; background_pattern_vertical_offset=&#8221;41%&#8221; custom_padding=&#8221;100px||100px||false|false&#8221; locked=&#8221;off&#8221; global_colors_info=&#8221;{}&#8221;][\/et_pb_section][et_pb_section fb_built=&#8221;1&#8243; _builder_version=&#8221;4.21.0&#8243; _module_preset=&#8221;default&#8221; custom_padding=&#8221;||144px|||&#8221; locked=&#8221;off&#8221; global_colors_info=&#8221;{}&#8221;][et_pb_row column_structure=&#8221;1_2,1_2&#8243; _builder_version=&#8221;4.21.0&#8243; _module_preset=&#8221;default&#8221; width=&#8221;90%&#8221; global_colors_info=&#8221;{}&#8221;][et_pb_column type=&#8221;1_2&#8243; _builder_version=&#8221;4.21.0&#8243; _module_preset=&#8221;default&#8221; global_colors_info=&#8221;{}&#8221;][et_pb_text _builder_version=&#8221;4.22.2&#8243; _module_preset=&#8221;default&#8221; text_font=&#8221;Abel|300|||||||&#8221; text_text_color=&#8221;#0082C9&#8243; text_font_size=&#8221;40px&#8221; text_line_height=&#8221;40px&#8221; custom_margin=&#8221;||15px||false|false&#8221; custom_margin_tablet=&#8221;||15px||false|false&#8221; custom_margin_phone=&#8221;||15px||false|false&#8221; custom_margin_last_edited=&#8221;on|phone&#8221; text_font_size_tablet=&#8221;32px&#8221; text_font_size_phone=&#8221;32px&#8221; text_font_size_last_edited=&#8221;on|desktop&#8221; text_line_height_tablet=&#8221;36px&#8221; text_line_height_phone=&#8221;36px&#8221; text_line_height_last_edited=&#8221;on|desktop&#8221; global_colors_info=&#8221;{}&#8221;]QUALIT\u00c4TSKONTROLLE[\/et_pb_text][et_pb_text _builder_version=&#8221;4.22.2&#8243; _module_preset=&#8221;default&#8221; text_font=&#8221;Abel|300|||||||&#8221; text_text_color=&#8221;#666666&#8243; text_font_size=&#8221;22px&#8221; text_line_height=&#8221;28px&#8221; text_font_size_tablet=&#8221;24px&#8221; text_font_size_phone=&#8221;22px&#8221; text_font_size_last_edited=&#8221;on|phone&#8221; text_line_height_tablet=&#8221;28px&#8221; text_line_height_phone=&#8221;26px&#8221; text_line_height_last_edited=&#8221;on|desktop&#8221; global_colors_info=&#8221;{}&#8221;]<\/p>\n<p>Unsere Produkte werden w\u00e4hrend des gesamten Arbeitsprozesses st\u00e4ndigen Kontrollen unterzogen:<\/p>\n<ul>\n<li>\u00dcberpr\u00fcfung der Barcode-Lesbarkeit mit der Erstellung eines Pr\u00fcfzeugnisses;<\/li>\n<li>Kontrolle der Ma\u00dftoleranzen mit speziellen Pr\u00e4zisionsmikroskopen;<\/li>\n<li>Helium-Lecktest auf Anfrage.<\/li>\n<\/ul>\n<p>Das Qualit\u00e4tsprotokoll liegt jedem Produkt bei und wird zusammen mit den technischen Daten der Bestellung in unserem Archiv gespeichert.<\/p>\n<p>[\/et_pb_text][\/et_pb_column][et_pb_column type=&#8221;1_2&#8243; _builder_version=&#8221;4.21.0&#8243; _module_preset=&#8221;default&#8221; global_colors_info=&#8221;{}&#8221;][et_pb_text _builder_version=&#8221;4.22.2&#8243; _module_preset=&#8221;default&#8221; text_font=&#8221;Abel|300|||||||&#8221; text_text_color=&#8221;#0082C9&#8243; text_font_size=&#8221;40px&#8221; text_line_height=&#8221;40px&#8221; custom_margin=&#8221;||15px||false|false&#8221; custom_margin_tablet=&#8221;||15px||false|false&#8221; custom_margin_phone=&#8221;||15px||false|false&#8221; custom_margin_last_edited=&#8221;on|phone&#8221; text_font_size_tablet=&#8221;32px&#8221; text_font_size_phone=&#8221;32px&#8221; text_font_size_last_edited=&#8221;on|desktop&#8221; text_line_height_tablet=&#8221;36px&#8221; text_line_height_phone=&#8221;36px&#8221; text_line_height_last_edited=&#8221;on|desktop&#8221; global_colors_info=&#8221;{}&#8221;]<\/p>\n<p>ZULIEFER-SERVICE<\/p>\n<p>[\/et_pb_text][et_pb_text _builder_version=&#8221;4.22.2&#8243; _module_preset=&#8221;default&#8221; text_font=&#8221;Abel|300|||||||&#8221; text_text_color=&#8221;#666666&#8243; text_font_size=&#8221;22px&#8221; text_line_height=&#8221;28px&#8221; text_font_size_tablet=&#8221;24px&#8221; text_font_size_phone=&#8221;22px&#8221; text_font_size_last_edited=&#8221;on|phone&#8221; text_line_height_tablet=&#8221;28px&#8221; text_line_height_phone=&#8221;26px&#8221; text_line_height_last_edited=&#8221;on|desktop&#8221; global_colors_info=&#8221;{}&#8221;]Dank unserer langj\u00e4hrigen Erfahrung ist es uns gelungen, ein Expertennetzwerk f\u00fcr unterschiedlichste mechanische Prozesse h\u00f6chster Pr\u00e4zision aufzubauen.<br \/>\nWir bieten Produktionsfl\u00e4chen, technisches Know-how und qualifiziertes Personal, um voll funktionsf\u00e4hige Anlagen f\u00fcr die Produktion Ihrer Produkte zu installieren.[\/et_pb_text][\/et_pb_column][\/et_pb_row][\/et_pb_section]<\/p>\n","protected":false},"excerpt":{"rendered":"<p>QUALIT\u00c4TSKONTROLLEUnsere Produkte werden w\u00e4hrend des gesamten Arbeitsprozesses st\u00e4ndigen Kontrollen unterzogen: \u00dcberpr\u00fcfung der Barcode-Lesbarkeit mit der Erstellung eines Pr\u00fcfzeugnisses; Kontrolle der Ma\u00dftoleranzen mit speziellen Pr\u00e4zisionsmikroskopen; Helium-Lecktest auf Anfrage. Das Qualit\u00e4tsprotokoll liegt jedem Produkt bei und wird zusammen mit den technischen Daten der Bestellung in unserem Archiv gespeichert.ZULIEFER-SERVICEDank unserer langj\u00e4hrigen Erfahrung ist es uns gelungen, ein Expertennetzwerk [&hellip;]<\/p>\n","protected":false},"author":1,"featured_media":0,"parent":0,"menu_order":0,"comment_status":"closed","ping_status":"closed","template":"","meta":{"_et_pb_use_builder":"on","_et_pb_old_content":"","_et_gb_content_width":"","inline_featured_image":false,"footnotes":""},"class_list":["post-25","page","type-page","status-publish","hentry"],"yoast_head":"<!-- This site is optimized with the Yoast SEO plugin v23.3 - https:\/\/yoast.com\/wordpress\/plugins\/seo\/ -->\n<title>UNSER SERVICE - Centro Laser<\/title>\n<meta name=\"robots\" content=\"index, follow, max-snippet:-1, max-image-preview:large, max-video-preview:-1\" \/>\n<link rel=\"canonical\" href=\"https:\/\/www.centrolasersrl.com\/DE\/unser-service\/\" \/>\n<meta property=\"og:locale\" content=\"it_IT\" \/>\n<meta property=\"og:type\" content=\"article\" \/>\n<meta property=\"og:title\" content=\"UNSER SERVICE - Centro Laser\" \/>\n<meta property=\"og:url\" content=\"https:\/\/www.centrolasersrl.com\/DE\/unser-service\/\" \/>\n<meta property=\"og:site_name\" content=\"Centro Laser\" \/>\n<meta property=\"article:modified_time\" content=\"2023-10-19T11:51:26+00:00\" \/>\n<meta name=\"twitter:card\" content=\"summary_large_image\" \/>\n<meta name=\"twitter:label1\" content=\"Tempo di lettura stimato\" \/>\n\t<meta name=\"twitter:data1\" content=\"3 minuti\" \/>\n<script type=\"application\/ld+json\" class=\"yoast-schema-graph\">{\"@context\":\"https:\/\/schema.org\",\"@graph\":[{\"@type\":\"WebPage\",\"@id\":\"https:\/\/www.centrolasersrl.com\/DE\/unser-service\/\",\"url\":\"https:\/\/www.centrolasersrl.com\/DE\/unser-service\/\",\"name\":\"UNSER SERVICE - Centro Laser\",\"isPartOf\":{\"@id\":\"https:\/\/www.centrolasersrl.com\/DE\/#website\"},\"datePublished\":\"2023-05-19T12:40:20+00:00\",\"dateModified\":\"2023-10-19T11:51:26+00:00\",\"breadcrumb\":{\"@id\":\"https:\/\/www.centrolasersrl.com\/DE\/unser-service\/#breadcrumb\"},\"inLanguage\":\"it-IT\",\"potentialAction\":[{\"@type\":\"ReadAction\",\"target\":[\"https:\/\/www.centrolasersrl.com\/DE\/unser-service\/\"]}]},{\"@type\":\"BreadcrumbList\",\"@id\":\"https:\/\/www.centrolasersrl.com\/DE\/unser-service\/#breadcrumb\",\"itemListElement\":[{\"@type\":\"ListItem\",\"position\":1,\"name\":\"Home\",\"item\":\"https:\/\/www.centrolasersrl.com\/DE\/\"},{\"@type\":\"ListItem\",\"position\":2,\"name\":\"UNSER SERVICE\"}]},{\"@type\":\"WebSite\",\"@id\":\"https:\/\/www.centrolasersrl.com\/DE\/#website\",\"url\":\"https:\/\/www.centrolasersrl.com\/DE\/\",\"name\":\"Centro Laser\",\"description\":\"Microlavorazioni e Marcature\",\"potentialAction\":[{\"@type\":\"SearchAction\",\"target\":{\"@type\":\"EntryPoint\",\"urlTemplate\":\"https:\/\/www.centrolasersrl.com\/DE\/?s={search_term_string}\"},\"query-input\":\"required name=search_term_string\"}],\"inLanguage\":\"it-IT\"}]}<\/script>\n<!-- \/ Yoast SEO plugin. -->","yoast_head_json":{"title":"UNSER SERVICE - Centro Laser","robots":{"index":"index","follow":"follow","max-snippet":"max-snippet:-1","max-image-preview":"max-image-preview:large","max-video-preview":"max-video-preview:-1"},"canonical":"https:\/\/www.centrolasersrl.com\/DE\/unser-service\/","og_locale":"it_IT","og_type":"article","og_title":"UNSER SERVICE - Centro Laser","og_url":"https:\/\/www.centrolasersrl.com\/DE\/unser-service\/","og_site_name":"Centro Laser","article_modified_time":"2023-10-19T11:51:26+00:00","twitter_card":"summary_large_image","twitter_misc":{"Tempo di lettura stimato":"3 minuti"},"schema":{"@context":"https:\/\/schema.org","@graph":[{"@type":"WebPage","@id":"https:\/\/www.centrolasersrl.com\/DE\/unser-service\/","url":"https:\/\/www.centrolasersrl.com\/DE\/unser-service\/","name":"UNSER SERVICE - Centro Laser","isPartOf":{"@id":"https:\/\/www.centrolasersrl.com\/DE\/#website"},"datePublished":"2023-05-19T12:40:20+00:00","dateModified":"2023-10-19T11:51:26+00:00","breadcrumb":{"@id":"https:\/\/www.centrolasersrl.com\/DE\/unser-service\/#breadcrumb"},"inLanguage":"it-IT","potentialAction":[{"@type":"ReadAction","target":["https:\/\/www.centrolasersrl.com\/DE\/unser-service\/"]}]},{"@type":"BreadcrumbList","@id":"https:\/\/www.centrolasersrl.com\/DE\/unser-service\/#breadcrumb","itemListElement":[{"@type":"ListItem","position":1,"name":"Home","item":"https:\/\/www.centrolasersrl.com\/DE\/"},{"@type":"ListItem","position":2,"name":"UNSER SERVICE"}]},{"@type":"WebSite","@id":"https:\/\/www.centrolasersrl.com\/DE\/#website","url":"https:\/\/www.centrolasersrl.com\/DE\/","name":"Centro Laser","description":"Microlavorazioni e Marcature","potentialAction":[{"@type":"SearchAction","target":{"@type":"EntryPoint","urlTemplate":"https:\/\/www.centrolasersrl.com\/DE\/?s={search_term_string}"},"query-input":"required name=search_term_string"}],"inLanguage":"it-IT"}]}},"_links":{"self":[{"href":"https:\/\/www.centrolasersrl.com\/DE\/wp-json\/wp\/v2\/pages\/25","targetHints":{"allow":["GET"]}}],"collection":[{"href":"https:\/\/www.centrolasersrl.com\/DE\/wp-json\/wp\/v2\/pages"}],"about":[{"href":"https:\/\/www.centrolasersrl.com\/DE\/wp-json\/wp\/v2\/types\/page"}],"author":[{"embeddable":true,"href":"https:\/\/www.centrolasersrl.com\/DE\/wp-json\/wp\/v2\/users\/1"}],"replies":[{"embeddable":true,"href":"https:\/\/www.centrolasersrl.com\/DE\/wp-json\/wp\/v2\/comments?post=25"}],"version-history":[{"count":12,"href":"https:\/\/www.centrolasersrl.com\/DE\/wp-json\/wp\/v2\/pages\/25\/revisions"}],"predecessor-version":[{"id":776,"href":"https:\/\/www.centrolasersrl.com\/DE\/wp-json\/wp\/v2\/pages\/25\/revisions\/776"}],"wp:attachment":[{"href":"https:\/\/www.centrolasersrl.com\/DE\/wp-json\/wp\/v2\/media?parent=25"}],"curies":[{"name":"wp","href":"https:\/\/api.w.org\/{rel}","templated":true}]}}