{"id":258,"date":"2023-07-26T14:42:17","date_gmt":"2023-07-26T14:42:17","guid":{"rendered":"https:\/\/www.centrolasersrl.com\/DE\/?page_id=258"},"modified":"2023-10-24T09:37:05","modified_gmt":"2023-10-24T09:37:05","slug":"laserbeschriftete-etiketten","status":"publish","type":"page","link":"https:\/\/www.centrolasersrl.com\/DE\/laserbeschriftete-etiketten\/","title":{"rendered":"Laserbeschriftete Etiketten"},"content":{"rendered":"<p>[et_pb_section fb_built=&#8221;1&#8243; _builder_version=&#8221;4.22.2&#8243; _module_preset=&#8221;default&#8221; background_image=&#8221;https:\/\/www.centrolasersrl.com\/DE\/wp-content\/uploads\/2023\/10\/home-etichette-1.jpg&#8221; custom_padding=&#8221;100px||100px||false|false&#8221; global_colors_info=&#8221;{}&#8221;][\/et_pb_section][et_pb_section fb_built=&#8221;1&#8243; specialty=&#8221;on&#8221; background_color_1=&#8221;RGBA(255,255,255,0)&#8221; background_color_2=&#8221;RGBA(255,255,255,0)&#8221; _builder_version=&#8221;4.21.0&#8243; _module_preset=&#8221;default&#8221; custom_padding=&#8221;||0px|||&#8221; global_colors_info=&#8221;{}&#8221;][et_pb_column type=&#8221;1_3&#8243; _builder_version=&#8221;4.16&#8243; custom_padding=&#8221;|||&#8221; global_colors_info=&#8221;{}&#8221; custom_padding__hover=&#8221;|||&#8221;][et_pb_text _builder_version=&#8221;4.22.2&#8243; _dynamic_attributes=&#8221;link_option_url&#8221; _module_preset=&#8221;default&#8221; text_font=&#8221;Abel||||||||&#8221; text_text_color=&#8221;#666666&#8243; text_font_size=&#8221;18px&#8221; custom_margin=&#8221;||0px||false|false&#8221; custom_padding=&#8221;10px||10px|10px|false|false&#8221; link_option_url=&#8221;@ET-DC@eyJkeW5hbWljIjp0cnVlLCJjb250ZW50IjoicG9zdF9saW5rX3VybF9wYWdlIiwic2V0dGluZ3MiOnsicG9zdF9pZCI6IjIifX0=@&#8221; border_color_right=&#8221;#c9c9c9&#8243; border_width_bottom=&#8221;1px&#8221; border_color_bottom=&#8221;#c9c9c9&#8243; global_colors_info=&#8221;{}&#8221; background_color__hover=&#8221;#0082c9&#8243; background_enable_color__hover=&#8221;on&#8221; text_text_color__hover_enabled=&#8221;on|desktop&#8221; text_text_color__hover=&#8221;#FFFFFF&#8221; background__hover_enabled=&#8221;on|hover&#8221;]<\/p>\n<p>Direktbeschriftung<\/p>\n<p>[\/et_pb_text][et_pb_text _builder_version=&#8221;4.22.2&#8243; _dynamic_attributes=&#8221;link_option_url&#8221; _module_preset=&#8221;default&#8221; text_font=&#8221;Abel||||||||&#8221; text_text_color=&#8221;#666666&#8243; text_font_size=&#8221;18px&#8221; custom_margin=&#8221;||0px||false|false&#8221; custom_padding=&#8221;10px||10px|10px|false|false&#8221; link_option_url=&#8221;@ET-DC@eyJkeW5hbWljIjp0cnVlLCJjb250ZW50IjoicG9zdF9saW5rX3VybF9wYWdlIiwic2V0dGluZ3MiOnsicG9zdF9pZCI6IjI0MSJ9fQ==@&#8221; border_color_right=&#8221;#c9c9c9&#8243; border_width_bottom=&#8221;1px&#8221; border_color_bottom=&#8221;#c9c9c9&#8243; global_colors_info=&#8221;{}&#8221; background_color__hover=&#8221;#0082c9&#8243; background_enable_color__hover=&#8221;on&#8221; text_text_color__hover_enabled=&#8221;on|desktop&#8221; text_text_color__hover=&#8221;#FFFFFF&#8221; background__hover_enabled=&#8221;on|hover&#8221;]<\/p>\n<p>2D-Tiefengravur<\/p>\n<p>[\/et_pb_text][et_pb_text _builder_version=&#8221;4.22.2&#8243; _module_preset=&#8221;default&#8221; text_font=&#8221;Abel||||||||&#8221; text_text_color=&#8221;#FFFFFF&#8221; text_font_size=&#8221;18px&#8221; background_color=&#8221;#024976&#8243; custom_margin=&#8221;||0px||false|false&#8221; custom_padding=&#8221;10px||10px|10px|false|false&#8221; border_color_right=&#8221;#c9c9c9&#8243; border_width_bottom=&#8221;1px&#8221; border_color_bottom=&#8221;#c9c9c9&#8243; global_colors_info=&#8221;{}&#8221; background_color__hover=&#8221;#0082c9&#8243; background_enable_color__hover=&#8221;on&#8221; text_text_color__hover_enabled=&#8221;on|hover&#8221; text_text_color__hover=&#8221;#FFFFFF&#8221; background__hover_enabled=&#8221;off|desktop&#8221;]<\/p>\n<p>Laserbeschriftete Etiketten<\/p>\n<p>[\/et_pb_text][et_pb_text _builder_version=&#8221;4.22.2&#8243; _dynamic_attributes=&#8221;link_option_url&#8221; _module_preset=&#8221;default&#8221; text_font=&#8221;Abel||||||||&#8221; text_text_color=&#8221;#666666&#8243; text_font_size=&#8221;18px&#8221; custom_margin=&#8221;||0px||false|false&#8221; custom_padding=&#8221;10px||10px|10px|false|false&#8221; link_option_url=&#8221;@ET-DC@eyJkeW5hbWljIjp0cnVlLCJjb250ZW50IjoicG9zdF9saW5rX3VybF9wYWdlIiwic2V0dGluZ3MiOnsicG9zdF9pZCI6IjMwNyJ9fQ==@&#8221; border_color_right=&#8221;#c9c9c9&#8243; border_width_bottom=&#8221;1px&#8221; border_color_bottom=&#8221;#c9c9c9&#8243; global_colors_info=&#8221;{}&#8221; background_color__hover=&#8221;#0082c9&#8243; background_enable_color__hover=&#8221;on&#8221; text_text_color__hover_enabled=&#8221;on|desktop&#8221; text_text_color__hover=&#8221;#FFFFFF&#8221; background__hover_enabled=&#8221;on|hover&#8221;]<\/p>\n<p>Sicherheitshologramme zur F\u00e4lschungssicherheit von Dokumenten und Markenprodukten<\/p>\n<p>[\/et_pb_text][et_pb_divider show_divider=&#8221;off&#8221; _builder_version=&#8221;4.21.0&#8243; _module_preset=&#8221;default&#8221; custom_padding=&#8221;20px||||false|false&#8221; locked=&#8221;off&#8221; global_colors_info=&#8221;{}&#8221;][\/et_pb_divider][\/et_pb_column][et_pb_column type=&#8221;2_3&#8243; specialty_columns=&#8221;2&#8243; _builder_version=&#8221;4.16&#8243; custom_padding=&#8221;|||&#8221; global_colors_info=&#8221;{}&#8221; custom_padding__hover=&#8221;|||&#8221;][et_pb_row_inner _builder_version=&#8221;4.21.0&#8243; _module_preset=&#8221;default&#8221; global_colors_info=&#8221;{}&#8221;][et_pb_column_inner saved_specialty_column_type=&#8221;2_3&#8243; _builder_version=&#8221;4.21.0&#8243; _module_preset=&#8221;default&#8221; global_colors_info=&#8221;{}&#8221;][et_pb_text _builder_version=&#8221;4.22.2&#8243; _module_preset=&#8221;default&#8221; text_font=&#8221;Abel|700|||||||&#8221; text_text_color=&#8221;#666666&#8243; text_font_size=&#8221;18px&#8221; locked=&#8221;off&#8221; global_colors_info=&#8221;{}&#8221;]<\/p>\n<p>PR\u00c4ZISIONSBESCHRIFTUNG<\/p>\n<p>[\/et_pb_text][et_pb_text _builder_version=&#8221;4.22.2&#8243; _module_preset=&#8221;default&#8221; text_font=&#8221;Abel|300|||||||&#8221; text_text_color=&#8221;#0082C9&#8243; text_font_size=&#8221;40px&#8221; text_line_height=&#8221;40px&#8221; custom_margin=&#8221;||15px||false|false&#8221; custom_margin_tablet=&#8221;||15px||false|false&#8221; custom_margin_phone=&#8221;||15px||false|false&#8221; custom_margin_last_edited=&#8221;on|phone&#8221; text_font_size_tablet=&#8221;32px&#8221; text_font_size_phone=&#8221;32px&#8221; text_font_size_last_edited=&#8221;on|desktop&#8221; text_line_height_tablet=&#8221;36px&#8221; text_line_height_phone=&#8221;36px&#8221; text_line_height_last_edited=&#8221;on|desktop&#8221; locked=&#8221;off&#8221; global_colors_info=&#8221;{}&#8221;]<\/p>\n<div class=\"et_pb_module et_pb_text et_pb_text_5  et_pb_text_align_left et_pb_bg_layout_light\">\n<div class=\"et_pb_text_inner\">Laserbeschriftete Etiketten<\/div>\n<\/div>\n<p>[\/et_pb_text][et_pb_text _builder_version=&#8221;4.22.2&#8243; _module_preset=&#8221;default&#8221; text_font=&#8221;Abel|300|||||||&#8221; text_text_color=&#8221;#666666&#8243; text_font_size=&#8221;26px&#8221; text_line_height=&#8221;32px&#8221; text_font_size_tablet=&#8221;24px&#8221; text_font_size_phone=&#8221;22px&#8221; text_font_size_last_edited=&#8221;on|phone&#8221; text_line_height_tablet=&#8221;28px&#8221; text_line_height_phone=&#8221;26px&#8221; text_line_height_last_edited=&#8221;on|desktop&#8221; global_colors_info=&#8221;{}&#8221;]<\/p>\n<div class=\"et_pb_module et_pb_text et_pb_text_7  et_pb_text_align_left et_pb_bg_layout_light\">\n<div class=\"et_pb_text_inner\">Seit mehr als zwei Jahrzehnten l\u00f6sen wir f\u00fcr unsere Kunden Probleme im Bereich der Produktr\u00fcckverfolgung und Produktidentifikation.<\/div>\n<\/div>\n<p>[\/et_pb_text][et_pb_divider _builder_version=&#8221;4.21.0&#8243; _module_preset=&#8221;default&#8221; custom_margin=&#8221;||5px|||&#8221; locked=&#8221;off&#8221; global_colors_info=&#8221;{}&#8221;][\/et_pb_divider][et_pb_text _builder_version=&#8221;4.22.2&#8243; _module_preset=&#8221;default&#8221; text_font=&#8221;Roboto|300|||||||&#8221; text_text_color=&#8221;#666666&#8243; text_font_size=&#8221;16px&#8221; text_line_height=&#8221;20px&#8221; hover_enabled=&#8221;0&#8243; text_font_size_tablet=&#8221;16px&#8221; text_font_size_phone=&#8221;16px&#8221; text_font_size_last_edited=&#8221;on|phone&#8221; text_line_height_tablet=&#8221;20px&#8221; text_line_height_phone=&#8221;20px&#8221; text_line_height_last_edited=&#8221;on|desktop&#8221; global_colors_info=&#8221;{}&#8221; sticky_enabled=&#8221;0&#8243;]<\/p>\n<p><strong>ETIKETTEN ZUR INVENTARISIERUNG VON ANLAGEG\u00dcTERN, ZUR IDENTIFIKATION VON KOMPONENTEN UND ZUR KONTROLLE VON PR\u00dcFINTERVALLEN<\/strong><\/p>\n<p>Unsere Etiketten werden pr\u00e4zise gem\u00e4\u00df Ihrer Spezifikation individuell gefertigt: \u2028mit <strong>serienm\u00e4\u00dfiger Nummerierung<\/strong> oder mit <strong>variablen Daten<\/strong>, mit Ihrem <strong>Firmenlogo, mit Barcode, QR-Codes<\/strong> oder <strong>Datamatrix<\/strong>. Es stehen verschiedene Farben zur Auswahl, die Etikettenformate sind ohne Werkzeugkosten frei w\u00e4hlbar.<\/p>\n<p>Die Etiketten werden in einem Schritt beschriftet und auf das gew\u00fcnschte Format geschnitten. Wir fertigen auch <strong>Klein- und Kleinstauflagen schnell, zuverl\u00e4ssig und kosteng\u00fcnstig.<\/strong><\/p>\n<p>Sie eignen sich perfekt f\u00fcr die Inventarisierung von G\u00fctern und Anlagen, und gew\u00e4hrleisten den <strong>Eigentumsschutz, l\u00f6sen alle langfristigen Identifikations- und R\u00fcckverfolgbarkeitsprobleme<\/strong> von Bauteilen und sind eine <strong>echte Alternative zu Metallschildern.<\/strong><\/p>\n<p>Zahlreiche Ger\u00e4te m\u00fcssen laut Gesetz regelm\u00e4\u00dfigen Kontrollen unterzogen werden. Als <strong>Pr\u00fcfplaketten<\/strong> erm\u00f6glichen unsere Etiketten eine visuelle Kontrolle der Pr\u00fcfintervalle.<br \/>Aufgrund der technischen Eigenschaften des Klebers <strong>k\u00f6nnen die Etiketten nicht abgel\u00f6st und neu positioniert werden<\/strong>: Beim Versuch, sie zu entfernen (48 Stunden nach dem Aufkleben), zerst\u00f6ren sie sich in winzige St\u00fccke.<span><\/span><\/p>\n<p>[\/et_pb_text][et_pb_text _builder_version=&#8221;4.22.2&#8243; _module_preset=&#8221;default&#8221; text_font=&#8221;Roboto|300|||||||&#8221; text_text_color=&#8221;#666666&#8243; text_font_size=&#8221;16px&#8221; text_line_height=&#8221;20px&#8221; hover_enabled=&#8221;0&#8243; text_font_size_tablet=&#8221;16px&#8221; text_font_size_phone=&#8221;16px&#8221; text_font_size_last_edited=&#8221;on|phone&#8221; text_line_height_tablet=&#8221;20px&#8221; text_line_height_phone=&#8221;20px&#8221; text_line_height_last_edited=&#8221;on|desktop&#8221; global_colors_info=&#8221;{}&#8221; sticky_enabled=&#8221;0&#8243;]<\/p>\n<p><strong>TECHNISCHE SPEZIFIKATION DER ETIKETTEN<\/strong><\/p>\n<ul>\n<li>alle laserbeschrifteten Daten (einschlie\u00dflich Barcodes\/DataMatrix) sind <strong>\u00fcber die gesamte Lebensdauer<\/strong> <strong>(10 Jahre vom Hersteller garantiert) einwandfrei lesbar;<\/strong><\/li>\n<li><strong>hohe Temperaturbest\u00e4ndigkeit<\/strong>(-50\u00b0bis +200\u00b0C auch \u00fcber l\u00e4ngere Zeitr\u00e4ume);<\/li>\n<li>hohe Witterungsbest\u00e4ndigkeit \u2013 <strong>UV-best\u00e4ndig<\/strong>;<\/li>\n<li>hohe <strong>Chemikalien- \/ L\u00f6semittelbest\u00e4ndigkeit;<\/strong><\/li>\n<li><strong>hohe Abriebfestigkeit<\/strong><\/li>\n<li><strong> hohe Klebekraft,<\/strong> extrem hohe Endhaftung, <strong>selbstzerst\u00f6rend<\/strong> beim Versuch des Abl\u00f6sens.<\/li>\n<\/ul>\n<p>[\/et_pb_text][\/et_pb_column_inner][\/et_pb_row_inner][\/et_pb_column][\/et_pb_section][et_pb_section fb_built=&#8221;1&#8243; _builder_version=&#8221;4.22.2&#8243; _module_preset=&#8221;default&#8221; custom_padding=&#8221;0px||0px|||&#8221; global_colors_info=&#8221;{}&#8221;][et_pb_row column_structure=&#8221;1_3,1_3,1_3&#8243; use_custom_gutter=&#8221;on&#8221; gutter_width=&#8221;1&#8243; _builder_version=&#8221;4.22.2&#8243; _module_preset=&#8221;default&#8221; width=&#8221;100%&#8221; max_width=&#8221;100%&#8221; custom_padding=&#8221;0px||0px|||&#8221; global_colors_info=&#8221;{}&#8221;][et_pb_column type=&#8221;1_3&#8243; _builder_version=&#8221;4.22.2&#8243; _module_preset=&#8221;default&#8221; global_colors_info=&#8221;{}&#8221;][et_pb_image src=&#8221;https:\/\/www.centrolasersrl.com\/DE\/wp-content\/uploads\/2023\/10\/ETICHETTE2.jpg&#8221; title_text=&#8221;ETICHETTE2&#8243; _builder_version=&#8221;4.21.0&#8243; _module_preset=&#8221;default&#8221; global_colors_info=&#8221;{}&#8221;][\/et_pb_image][\/et_pb_column][et_pb_column type=&#8221;1_3&#8243; _builder_version=&#8221;4.22.2&#8243; _module_preset=&#8221;default&#8221; global_colors_info=&#8221;{}&#8221;][et_pb_image src=&#8221;https:\/\/www.centrolasersrl.com\/DE\/wp-content\/uploads\/2023\/10\/ETICHETTE3.jpg&#8221; title_text=&#8221;ETICHETTE3&#8243; _builder_version=&#8221;4.21.0&#8243; _module_preset=&#8221;default&#8221; global_colors_info=&#8221;{}&#8221;][\/et_pb_image][\/et_pb_column][et_pb_column type=&#8221;1_3&#8243; _builder_version=&#8221;4.22.2&#8243; _module_preset=&#8221;default&#8221; global_colors_info=&#8221;{}&#8221;][et_pb_image src=&#8221;https:\/\/www.centrolasersrl.com\/DE\/wp-content\/uploads\/2023\/10\/ETICHETTE1.jpg&#8221; title_text=&#8221;ETICHETTE1&#8243; _builder_version=&#8221;4.21.0&#8243; _module_preset=&#8221;default&#8221; global_colors_info=&#8221;{}&#8221;][\/et_pb_image][\/et_pb_column][\/et_pb_row][\/et_pb_section]<\/p>\n","protected":false},"excerpt":{"rendered":"<p>Direktbeschriftung2D-TiefengravurLaserbeschriftete EtikettenSicherheitshologramme zur F\u00e4lschungssicherheit von Dokumenten und MarkenproduktenPR\u00c4ZISIONSBESCHRIFTUNG Laserbeschriftete Etiketten Seit mehr als zwei Jahrzehnten l\u00f6sen wir f\u00fcr unsere Kunden Probleme im Bereich der Produktr\u00fcckverfolgung und Produktidentifikation. ETIKETTEN ZUR INVENTARISIERUNG VON ANLAGEG\u00dcTERN, ZUR IDENTIFIKATION VON KOMPONENTEN UND ZUR KONTROLLE VON PR\u00dcFINTERVALLEN Unsere Etiketten werden pr\u00e4zise gem\u00e4\u00df Ihrer Spezifikation individuell gefertigt: \u2028mit serienm\u00e4\u00dfiger Nummerierung oder mit [&hellip;]<\/p>\n","protected":false},"author":1,"featured_media":0,"parent":0,"menu_order":0,"comment_status":"closed","ping_status":"closed","template":"","meta":{"_et_pb_use_builder":"on","_et_pb_old_content":"<!-- wp:paragraph -->\n<p>This is an example page. It's different from a blog post because it will stay in one place and will show up in your site navigation (in most themes). Most people start with an About page that introduces them to potential site visitors. It might say something like this:<\/p>\n<!-- \/wp:paragraph -->\n\n<!-- wp:quote -->\n<blockquote class=\"wp-block-quote\"><p>Hi there! I'm a bike messenger by day, aspiring actor by night, and this is my website. I live in Los Angeles, have a great dog named Jack, and I like pi&#241;a coladas. (And gettin' caught in the rain.)<\/p><\/blockquote>\n<!-- \/wp:quote -->\n\n<!-- wp:paragraph -->\n<p>...or something like this:<\/p>\n<!-- \/wp:paragraph -->\n\n<!-- wp:quote -->\n<blockquote class=\"wp-block-quote\"><p>The XYZ Doohickey Company was founded in 1971, and has been providing quality doohickeys to the public ever since. Located in Gotham City, XYZ employs over 2,000 people and does all kinds of awesome things for the Gotham community.<\/p><\/blockquote>\n<!-- \/wp:quote -->\n\n<!-- wp:paragraph -->\n<p>As a new WordPress user, you should go to <a href=\"https:\/\/www.centrolasersrl.com\/DE\/wp-admin\/\">your dashboard<\/a> to delete this page and create new pages for your content. Have fun!<\/p>\n<!-- \/wp:paragraph -->","_et_gb_content_width":"","inline_featured_image":false,"footnotes":""},"class_list":["post-258","page","type-page","status-publish","hentry"],"yoast_head":"<!-- This site is optimized with the Yoast SEO plugin v23.3 - https:\/\/yoast.com\/wordpress\/plugins\/seo\/ -->\n<title>Laserbeschriftete Etiketten - Centro Laser<\/title>\n<meta name=\"robots\" content=\"index, follow, max-snippet:-1, max-image-preview:large, max-video-preview:-1\" \/>\n<link rel=\"canonical\" href=\"https:\/\/www.centrolasersrl.com\/DE\/laserbeschriftete-etiketten\/\" \/>\n<meta property=\"og:locale\" content=\"it_IT\" \/>\n<meta property=\"og:type\" content=\"article\" \/>\n<meta property=\"og:title\" content=\"Laserbeschriftete Etiketten - Centro Laser\" \/>\n<meta property=\"og:url\" content=\"https:\/\/www.centrolasersrl.com\/DE\/laserbeschriftete-etiketten\/\" \/>\n<meta property=\"og:site_name\" content=\"Centro Laser\" \/>\n<meta property=\"article:modified_time\" content=\"2023-10-24T09:37:05+00:00\" \/>\n<meta name=\"twitter:card\" content=\"summary_large_image\" \/>\n<meta name=\"twitter:label1\" content=\"Tempo di lettura stimato\" \/>\n\t<meta name=\"twitter:data1\" content=\"7 minuti\" \/>\n<script type=\"application\/ld+json\" class=\"yoast-schema-graph\">{\"@context\":\"https:\/\/schema.org\",\"@graph\":[{\"@type\":\"WebPage\",\"@id\":\"https:\/\/www.centrolasersrl.com\/DE\/laserbeschriftete-etiketten\/\",\"url\":\"https:\/\/www.centrolasersrl.com\/DE\/laserbeschriftete-etiketten\/\",\"name\":\"Laserbeschriftete Etiketten - Centro Laser\",\"isPartOf\":{\"@id\":\"https:\/\/www.centrolasersrl.com\/DE\/#website\"},\"datePublished\":\"2023-07-26T14:42:17+00:00\",\"dateModified\":\"2023-10-24T09:37:05+00:00\",\"breadcrumb\":{\"@id\":\"https:\/\/www.centrolasersrl.com\/DE\/laserbeschriftete-etiketten\/#breadcrumb\"},\"inLanguage\":\"it-IT\",\"potentialAction\":[{\"@type\":\"ReadAction\",\"target\":[\"https:\/\/www.centrolasersrl.com\/DE\/laserbeschriftete-etiketten\/\"]}]},{\"@type\":\"BreadcrumbList\",\"@id\":\"https:\/\/www.centrolasersrl.com\/DE\/laserbeschriftete-etiketten\/#breadcrumb\",\"itemListElement\":[{\"@type\":\"ListItem\",\"position\":1,\"name\":\"Home\",\"item\":\"https:\/\/www.centrolasersrl.com\/DE\/\"},{\"@type\":\"ListItem\",\"position\":2,\"name\":\"Laserbeschriftete Etiketten\"}]},{\"@type\":\"WebSite\",\"@id\":\"https:\/\/www.centrolasersrl.com\/DE\/#website\",\"url\":\"https:\/\/www.centrolasersrl.com\/DE\/\",\"name\":\"Centro Laser\",\"description\":\"Microlavorazioni e Marcature\",\"potentialAction\":[{\"@type\":\"SearchAction\",\"target\":{\"@type\":\"EntryPoint\",\"urlTemplate\":\"https:\/\/www.centrolasersrl.com\/DE\/?s={search_term_string}\"},\"query-input\":\"required name=search_term_string\"}],\"inLanguage\":\"it-IT\"}]}<\/script>\n<!-- \/ Yoast SEO plugin. -->","yoast_head_json":{"title":"Laserbeschriftete Etiketten - Centro Laser","robots":{"index":"index","follow":"follow","max-snippet":"max-snippet:-1","max-image-preview":"max-image-preview:large","max-video-preview":"max-video-preview:-1"},"canonical":"https:\/\/www.centrolasersrl.com\/DE\/laserbeschriftete-etiketten\/","og_locale":"it_IT","og_type":"article","og_title":"Laserbeschriftete Etiketten - Centro Laser","og_url":"https:\/\/www.centrolasersrl.com\/DE\/laserbeschriftete-etiketten\/","og_site_name":"Centro Laser","article_modified_time":"2023-10-24T09:37:05+00:00","twitter_card":"summary_large_image","twitter_misc":{"Tempo di lettura stimato":"7 minuti"},"schema":{"@context":"https:\/\/schema.org","@graph":[{"@type":"WebPage","@id":"https:\/\/www.centrolasersrl.com\/DE\/laserbeschriftete-etiketten\/","url":"https:\/\/www.centrolasersrl.com\/DE\/laserbeschriftete-etiketten\/","name":"Laserbeschriftete Etiketten - Centro Laser","isPartOf":{"@id":"https:\/\/www.centrolasersrl.com\/DE\/#website"},"datePublished":"2023-07-26T14:42:17+00:00","dateModified":"2023-10-24T09:37:05+00:00","breadcrumb":{"@id":"https:\/\/www.centrolasersrl.com\/DE\/laserbeschriftete-etiketten\/#breadcrumb"},"inLanguage":"it-IT","potentialAction":[{"@type":"ReadAction","target":["https:\/\/www.centrolasersrl.com\/DE\/laserbeschriftete-etiketten\/"]}]},{"@type":"BreadcrumbList","@id":"https:\/\/www.centrolasersrl.com\/DE\/laserbeschriftete-etiketten\/#breadcrumb","itemListElement":[{"@type":"ListItem","position":1,"name":"Home","item":"https:\/\/www.centrolasersrl.com\/DE\/"},{"@type":"ListItem","position":2,"name":"Laserbeschriftete Etiketten"}]},{"@type":"WebSite","@id":"https:\/\/www.centrolasersrl.com\/DE\/#website","url":"https:\/\/www.centrolasersrl.com\/DE\/","name":"Centro Laser","description":"Microlavorazioni e Marcature","potentialAction":[{"@type":"SearchAction","target":{"@type":"EntryPoint","urlTemplate":"https:\/\/www.centrolasersrl.com\/DE\/?s={search_term_string}"},"query-input":"required name=search_term_string"}],"inLanguage":"it-IT"}]}},"_links":{"self":[{"href":"https:\/\/www.centrolasersrl.com\/DE\/wp-json\/wp\/v2\/pages\/258","targetHints":{"allow":["GET"]}}],"collection":[{"href":"https:\/\/www.centrolasersrl.com\/DE\/wp-json\/wp\/v2\/pages"}],"about":[{"href":"https:\/\/www.centrolasersrl.com\/DE\/wp-json\/wp\/v2\/types\/page"}],"author":[{"embeddable":true,"href":"https:\/\/www.centrolasersrl.com\/DE\/wp-json\/wp\/v2\/users\/1"}],"replies":[{"embeddable":true,"href":"https:\/\/www.centrolasersrl.com\/DE\/wp-json\/wp\/v2\/comments?post=258"}],"version-history":[{"count":24,"href":"https:\/\/www.centrolasersrl.com\/DE\/wp-json\/wp\/v2\/pages\/258\/revisions"}],"predecessor-version":[{"id":837,"href":"https:\/\/www.centrolasersrl.com\/DE\/wp-json\/wp\/v2\/pages\/258\/revisions\/837"}],"wp:attachment":[{"href":"https:\/\/www.centrolasersrl.com\/DE\/wp-json\/wp\/v2\/media?parent=258"}],"curies":[{"name":"wp","href":"https:\/\/api.w.org\/{rel}","templated":true}]}}